{"id":15,"date":"2018-06-18T15:06:53","date_gmt":"2018-06-18T13:06:53","guid":{"rendered":"http:\/\/operacjaintegracja.umed.pl\/?page_id=15"},"modified":"2018-06-19T10:53:22","modified_gmt":"2018-06-19T08:53:22","slug":"strona-glowna","status":"publish","type":"page","link":"https:\/\/operacjaintegracja.umed.pl\/","title":{"rendered":"Strona g\u0142\u00f3wna"},"content":{"rendered":"<p><section data-kc-fullwidth=\"content\" class=\"kc-elm kc-css-346010 kc_row\"><div class=\"kc-row-container\"><div class=\"kc-wrap-columns\"><div class=\"kc-elm kc-css-543196 kc_col-sm-12 kc_column kc_col-sm-12\"><div class=\"kc-col-container\"><div class=\"kc-elm kc-css-315829\">\n\t<div class=\"kc-carousel_images kc-elm kc-css-315829\">\n\t\n\t\t<div class=\"kc-carousel-images owl-carousel-images kc-sync1 \" data-owl-i-options='{\"items\":\"1\",\"tablet\":\"1\",\"mobile\":\"1\",\"speed\":\"500\",\"navigation\":\"\",\"pagination\":\"yes\",\"autoheight\":\"\",\"progressbar\":\"\",\"delay\":\"8\",\"autoplay\":\"yes\",\"showthumb\":\"\",\"num_thumb\":\"5\"}'>\n\t\n\t\t\t\t\t<div class=\"item\">\n\t\n\t\t\t\t\t\t\t<img decoding=\"async\" src=\"https:\/\/operacjaintegracja.umed.pl\/wp-content\/uploads\/2018\/06\/zdjecie1.jpg\"  alt=\"\"\/>\n\t\n\t\t\t\t\n\t\t\t<\/div>\n\t\n\t\t\t\n\t\t<\/div>\n\t\n\t\t\t<\/div>\n<\/div>\n<\/div><\/div><\/div><\/div><\/section><section class=\"kc-elm kc-css-812170 kc_row\"><div class=\"kc-row-container  kc-container\"><div class=\"kc-wrap-columns\"><div class=\"kc-elm kc-css-677232 kc_col-sm-12 kc_column kc_col-sm-12\"><div class=\"kc-col-container\"><div class=\"kc-elm kc-css-677650\" style=\"height: 50px; clear: both; width:100%;\"><\/div>\n<div class=\"kc-elm kc-css-365380 kc-title-wrap \">\n\n\t<h1 class=\"kc_title\">O projekcie<\/h1>\n<\/div>\n<div class=\"kc-elm kc-css-872876\" style=\"height: 20px; clear: both; width:100%;\"><\/div><div class=\"kc-elm kc-css-592174 kc_text_block\"><\/p>\n<p style=\"text-align: left;\">Uniwersytet Medyczny w \u0141odzi informuje, i\u017c realizuje projekt <strong>&#8222;Operacja &#8211; Integracja!\"<\/strong> Zintegrowany Program Uniwersytetu Medycznego w \u0141odzi wsp\u00f3\u0142finansowanego ze \u015brodk\u00f3w Unii Europejskiej Europejski Fundusz Spo\u0142eczny w ramach Programu Operacyjnego Wiedza, Edukacja, Rozw\u00f3j.<\/p>\n<p style=\"text-align: left;\" align=\"center\"><strong>Nr umowy o dofinansowanie:<\/strong> POWR.03.05.00-00-Z065\/17<\/p>\n<p style=\"text-align: left;\" align=\"center\"><strong>Okres realizacji projektu:<\/strong> 01.01.2018 do: 31.12.2021<\/p>\n<p style=\"text-align: left;\" align=\"center\"><strong>Warto\u015b\u0107 projektu:<\/strong> 11 851 307,93 z\u0142<\/p>\n<p style=\"text-align: left;\" align=\"center\"><strong>Warto\u015b\u0107 dofinansowania projektu:<\/strong>\u00a0 11 495 768,67 z\u0142<\/p>\n<p>\n<\/div><div class=\"kc-elm kc-css-478998\" style=\"height: 50px; clear: both; width:100%;\"><\/div><\/div><\/div><\/div><\/div><\/section><\/p>\n","protected":false},"excerpt":{"rendered":"","protected":false},"author":5,"featured_media":0,"parent":0,"menu_order":0,"comment_status":"closed","ping_status":"closed","template":"template-page-full.php","meta":{"footnotes":""},"class_list":["post-15","page","type-page","status-publish","hentry"],"_links":{"self":[{"href":"https:\/\/operacjaintegracja.umed.pl\/index.php\/wp-json\/wp\/v2\/pages\/15","targetHints":{"allow":["GET"]}}],"collection":[{"href":"https:\/\/operacjaintegracja.umed.pl\/index.php\/wp-json\/wp\/v2\/pages"}],"about":[{"href":"https:\/\/operacjaintegracja.umed.pl\/index.php\/wp-json\/wp\/v2\/types\/page"}],"author":[{"embeddable":true,"href":"https:\/\/operacjaintegracja.umed.pl\/index.php\/wp-json\/wp\/v2\/users\/5"}],"replies":[{"embeddable":true,"href":"https:\/\/operacjaintegracja.umed.pl\/index.php\/wp-json\/wp\/v2\/comments?post=15"}],"version-history":[{"count":13,"href":"https:\/\/operacjaintegracja.umed.pl\/index.php\/wp-json\/wp\/v2\/pages\/15\/revisions"}],"predecessor-version":[{"id":41,"href":"https:\/\/operacjaintegracja.umed.pl\/index.php\/wp-json\/wp\/v2\/pages\/15\/revisions\/41"}],"wp:attachment":[{"href":"https:\/\/operacjaintegracja.umed.pl\/index.php\/wp-json\/wp\/v2\/media?parent=15"}],"curies":[{"name":"wp","href":"https:\/\/api.w.org\/{rel}","templated":true}]}}