{"id":5,"date":"2018-06-18T14:54:11","date_gmt":"2018-06-18T12:54:11","guid":{"rendered":"http:\/\/operacjaintegracja.umed.pl\/?page_id=5"},"modified":"2018-06-19T12:02:58","modified_gmt":"2018-06-19T10:02:58","slug":"informacje-o-projekcie","status":"publish","type":"page","link":"https:\/\/operacjaintegracja.umed.pl\/index.php\/informacje-o-projekcie\/","title":{"rendered":"Informacje o projekcie"},"content":{"rendered":"<section class=\"kc-elm kc-css-766898 kc_row\"><div class=\"kc-row-container  kc-container\"><div class=\"kc-wrap-columns\"><div class=\"kc-elm kc-css-559852 kc_col-sm-12 kc_column kc_col-sm-12\"><div class=\"kc-col-container\">\n<div class=\"kc-elm kc-css-704260 kc-title-wrap \">\n\n\t<h1 class=\"kc_title\">Informacje o projekcie<\/h1>\n<\/div>\n<div class=\"kc-elm kc_text_block\"><\/p>\n<p>Celem g\u0142\u00f3wnym projektu jest podniesienie kompetencji student\u00f3w, nauczycieli akademickich, pracownik\u00f3w administracyjnych i kadry zarz\u0105dzaj\u0105cej Uniwersytetu Medycznego w \u0141odzi poprzez wdro\u017cenie zmian organizacyjnych oraz stworzenie Zintegrowanego Programu Uczelni (ZPU) dostosowanego do potrzeb spo\u0142eczno-gospodarczych w zakresie zarz\u0105dzania procesem kszta\u0142cenia na poziomie wy\u017cszym oraz procesami wsparcia, w tym rozwoju kompetencji pracownik\u00f3w i student\u00f3w Uniwersytetu Medycznego w \u0141odzi.<\/p>\n<p>Realizacja projektu przyczyni si\u0119 do:<\/p>\n<ul>\n<li>modyfikacji programu nauczania w zale\u017cno\u015bci od zdefiniowanych potrzeb poszczeg\u00f3lnych kierunk\u00f3w obj\u0119tych wsparciem-dostosowane do wymaga\u0144 otoczenia spo\u0142eczno \u2013 gospodarczych,<\/li>\n<li>stworzenie nowego kierunku studi\u00f3w,<\/li>\n<li>organizacj\u0119 szkole\u0144, warsztat\u00f3w, wizyty studyjnej, zaj\u0119\u0107 projektowych podnosz\u0105cych kompetencje student\u00f3w i kadry Uniwersytetu Medycznego,<\/li>\n<li>organizacja sta\u017cy zawodowych podnosz\u0105cych do\u015bwiadczenie zawodowe student\u00f3w,<\/li>\n<li>optymalizacja proces\u00f3w zarz\u0105dzania Uniwersytetu Medycznego w \u0141odzi.<\/li>\n<\/ul>\n<p>\n<\/div><\/div><\/div><\/div><\/div><\/section>\n","protected":false},"excerpt":{"rendered":"","protected":false},"author":5,"featured_media":0,"parent":0,"menu_order":0,"comment_status":"closed","ping_status":"closed","template":"","meta":{"footnotes":""},"class_list":["post-5","page","type-page","status-publish","hentry"],"_links":{"self":[{"href":"https:\/\/operacjaintegracja.umed.pl\/index.php\/wp-json\/wp\/v2\/pages\/5","targetHints":{"allow":["GET"]}}],"collection":[{"href":"https:\/\/operacjaintegracja.umed.pl\/index.php\/wp-json\/wp\/v2\/pages"}],"about":[{"href":"https:\/\/operacjaintegracja.umed.pl\/index.php\/wp-json\/wp\/v2\/types\/page"}],"author":[{"embeddable":true,"href":"https:\/\/operacjaintegracja.umed.pl\/index.php\/wp-json\/wp\/v2\/users\/5"}],"replies":[{"embeddable":true,"href":"https:\/\/operacjaintegracja.umed.pl\/index.php\/wp-json\/wp\/v2\/comments?post=5"}],"version-history":[{"count":2,"href":"https:\/\/operacjaintegracja.umed.pl\/index.php\/wp-json\/wp\/v2\/pages\/5\/revisions"}],"predecessor-version":[{"id":44,"href":"https:\/\/operacjaintegracja.umed.pl\/index.php\/wp-json\/wp\/v2\/pages\/5\/revisions\/44"}],"wp:attachment":[{"href":"https:\/\/operacjaintegracja.umed.pl\/index.php\/wp-json\/wp\/v2\/media?parent=5"}],"curies":[{"name":"wp","href":"https:\/\/api.w.org\/{rel}","templated":true}]}}