{"id":9,"date":"2018-06-18T14:58:46","date_gmt":"2018-06-18T12:58:46","guid":{"rendered":"http:\/\/operacjaintegracja.umed.pl\/?page_id=9"},"modified":"2018-07-11T13:28:30","modified_gmt":"2018-07-11T11:28:30","slug":"biuro-projektu","status":"publish","type":"page","link":"https:\/\/operacjaintegracja.umed.pl\/index.php\/biuro-projektu\/","title":{"rendered":"Biuro projektu"},"content":{"rendered":"<section class=\"kc-elm kc-css-898966 kc_row\"><div class=\"kc-row-container  kc-container\"><div class=\"kc-wrap-columns\"><div class=\"kc-elm kc-css-6861 kc_col-sm-12 kc_column kc_col-sm-12\"><div class=\"kc-col-container\">\n<div class=\"kc-elm kc-css-246165 kc-title-wrap \">\n\n\t<h1 class=\"kc_title\">Biuro projektu<\/h1>\n<\/div>\n<div class=\"kc-elm kc-css-617650\" style=\"height: 20px; clear: both; width:100%;\"><\/div>\n<div class=\"kc-elm kc-css-739381 kc-team kc-team-2\">\n\n\t<figure class=\"content-image\"><img decoding=\"async\" src=\"https:\/\/operacjaintegracja.umed.pl\/wp-content\/uploads\/2018\/06\/tkostka.jpg\" alt=\"\"><\/figure><div class=\"box-right\"><div class=\"content-title\">Prof. dr hab. n. med. Tomasz Kostka.<\/div><div class=\"content-subtitle\">Kierownik projektu<\/div><div class=\"content-desc\">Biuro Projektu znajduje si\u0119 w Biurze Nauki, Strategii i Rozwoju Uniwersytetu Medycznego w \u0141odzi przy ulicy Muszy\u0144skiego 2<\/div><\/div>\n<\/div>\n<div class=\"kc-elm kc-css-160464\" style=\"height: 20px; clear: both; width:100%;\"><\/div><div class=\"kc-elm kc-css-237576 kc_google_maps kc_shortcode\"><div style=\"height: 350px\" class=\"kc-google-maps\"><iframe loading=\"lazy\" src=\"https:\/\/www.google.com\/maps\/embed?pb=!1m18!1m12!1m3!1d2468.683281394115!2d19.489906615779827!3d51.77539697968003!2m3!1f0!2f0!3f0!3m2!1i1024!2i768!4f13.1!3m3!1m2!1s0x471bcb3eccfc831d%3A0x1d3244fa95d74b14!2zSmFuYSBNdXN6ecWEc2tpZWdvIDIsIDkwLTAwMSDFgcOzZMW6!5e0!3m2!1spl!2spl!4v1529402858320\" width=\"100%\" height=\"350\" frameborder=\"0\" style=\"border:0\" allowfullscreen><\/iframe><\/div><\/div><\/div><\/div><\/div><\/div><\/section>\n","protected":false},"excerpt":{"rendered":"","protected":false},"author":5,"featured_media":0,"parent":0,"menu_order":0,"comment_status":"closed","ping_status":"closed","template":"","meta":{"footnotes":""},"class_list":["post-9","page","type-page","status-publish","hentry"],"_links":{"self":[{"href":"https:\/\/operacjaintegracja.umed.pl\/index.php\/wp-json\/wp\/v2\/pages\/9","targetHints":{"allow":["GET"]}}],"collection":[{"href":"https:\/\/operacjaintegracja.umed.pl\/index.php\/wp-json\/wp\/v2\/pages"}],"about":[{"href":"https:\/\/operacjaintegracja.umed.pl\/index.php\/wp-json\/wp\/v2\/types\/page"}],"author":[{"embeddable":true,"href":"https:\/\/operacjaintegracja.umed.pl\/index.php\/wp-json\/wp\/v2\/users\/5"}],"replies":[{"embeddable":true,"href":"https:\/\/operacjaintegracja.umed.pl\/index.php\/wp-json\/wp\/v2\/comments?post=9"}],"version-history":[{"count":10,"href":"https:\/\/operacjaintegracja.umed.pl\/index.php\/wp-json\/wp\/v2\/pages\/9\/revisions"}],"predecessor-version":[{"id":59,"href":"https:\/\/operacjaintegracja.umed.pl\/index.php\/wp-json\/wp\/v2\/pages\/9\/revisions\/59"}],"wp:attachment":[{"href":"https:\/\/operacjaintegracja.umed.pl\/index.php\/wp-json\/wp\/v2\/media?parent=9"}],"curies":[{"name":"wp","href":"https:\/\/api.w.org\/{rel}","templated":true}]}}